{"id":351,"date":"2023-07-20T08:54:41","date_gmt":"2023-07-20T08:54:41","guid":{"rendered":"https:\/\/bodegaschaves.clientes.galiciadigital.com\/?page_id=351"},"modified":"2024-12-23T11:51:46","modified_gmt":"2024-12-23T11:51:46","slug":"around","status":"publish","type":"page","link":"https:\/\/www.bodegaschaves.com\/en\/la-bodega\/entorno\/","title":{"rendered":"The R\u00edas Baixas in Galicia: The Importance of the Environment"},"content":{"rendered":"<div data-elementor-type=\"wp-page\" data-elementor-id=\"351\" class=\"elementor elementor-351\">\n\t\t\t\t\t\t<section class=\"elementor-section elementor-top-section elementor-element elementor-element-a03fa02 elementor-section-content-middle elementor-section-boxed elementor-section-height-default elementor-section-height-default\" data-id=\"a03fa02\" data-element_type=\"section\" data-e-type=\"section\">\n\t\t\t\t\t\t<div class=\"elementor-container elementor-column-gap-default\">\n\t\t\t\t\t<div class=\"elementor-column elementor-col-50 elementor-top-column elementor-element elementor-element-f3d871c\" data-id=\"f3d871c\" data-element_type=\"column\" data-e-type=\"column\">\n\t\t\t<div class=\"elementor-widget-wrap elementor-element-populated\">\n\t\t\t\t\t\t<div class=\"elementor-element elementor-element-688d647 elementor-widget elementor-widget-image\" data-id=\"688d647\" data-element_type=\"widget\" data-e-type=\"widget\" data-widget_type=\"image.default\">\n\t\t\t\t<div class=\"elementor-widget-container\">\n\t\t\t\t\t\t\t\t\t\t\t\t\t\t\t<img fetchpriority=\"high\" decoding=\"async\" width=\"600\" height=\"480\" src=\"https:\/\/www.bodegaschaves.com\/wp-content\/uploads\/2023\/07\/bodega-entorno.jpg\" class=\"attachment-full size-full wp-image-631\" alt=\"\" srcset=\"https:\/\/www.bodegaschaves.com\/wp-content\/uploads\/2023\/07\/bodega-entorno.jpg 600w, https:\/\/www.bodegaschaves.com\/wp-content\/uploads\/2023\/07\/bodega-entorno-300x240.jpg 300w\" sizes=\"(max-width: 600px) 100vw, 600px\" \/>\t\t\t\t\t\t\t\t\t\t\t\t\t\t\t<\/div>\n\t\t\t\t<\/div>\n\t\t\t\t\t<\/div>\n\t\t<\/div>\n\t\t\t\t<div class=\"elementor-column elementor-col-50 elementor-top-column elementor-element elementor-element-9a97f20\" data-id=\"9a97f20\" data-element_type=\"column\" data-e-type=\"column\">\n\t\t\t<div class=\"elementor-widget-wrap elementor-element-populated\">\n\t\t\t\t\t\t<div class=\"elementor-element elementor-element-87c870e elementor-widget elementor-widget-heading\" data-id=\"87c870e\" data-element_type=\"widget\" data-e-type=\"widget\" data-widget_type=\"heading.default\">\n\t\t\t\t<div class=\"elementor-widget-container\">\n\t\t\t\t\t<h1 class=\"elementor-heading-title elementor-size-default\">Val do Saln\u00e9s: Where the Magic of Galicia Comes to Life\n<\/h1>\t\t\t\t<\/div>\n\t\t\t\t<\/div>\n\t\t\t\t<div class=\"elementor-element elementor-element-38806e4 elementor-widget elementor-widget-text-editor\" data-id=\"38806e4\" data-element_type=\"widget\" data-e-type=\"widget\" data-widget_type=\"text-editor.default\">\n\t\t\t\t<div class=\"elementor-widget-container\">\n\t\t\t\t\t\t\t\t\t<p style=\"text-align: justify;\">In the heart of the R\u00edas Baixas lies a privileged corner of Galicia: the <strong>Val do Saln\u00e9s<\/strong>, A territory that combines dreamlike landscapes, vibrant culture, and a unique connection with nature. Here, among green hills and crystal-clear beaches, lies the purest essence of this magical land.<\/p>\t\t\t\t\t\t\t\t<\/div>\n\t\t\t\t<\/div>\n\t\t\t\t\t<\/div>\n\t\t<\/div>\n\t\t\t\t\t<\/div>\n\t\t<\/section>\n\t\t\t\t<section class=\"elementor-section elementor-top-section elementor-element elementor-element-393b904 elementor-section-boxed elementor-section-height-default elementor-section-height-default\" data-id=\"393b904\" data-element_type=\"section\" data-e-type=\"section\">\n\t\t\t\t\t\t<div class=\"elementor-container elementor-column-gap-default\">\n\t\t\t\t\t<div class=\"elementor-column elementor-col-100 elementor-top-column elementor-element elementor-element-6a767f9\" data-id=\"6a767f9\" data-element_type=\"column\" data-e-type=\"column\">\n\t\t\t<div class=\"elementor-widget-wrap elementor-element-populated\">\n\t\t\t\t\t\t<div class=\"elementor-element elementor-element-627ed5f elementor-widget elementor-widget-heading\" data-id=\"627ed5f\" data-element_type=\"widget\" data-e-type=\"widget\" data-widget_type=\"heading.default\">\n\t\t\t\t<div class=\"elementor-widget-container\">\n\t\t\t\t\t<h2 class=\"elementor-heading-title elementor-size-default\">A Paradise for the Senses\n<\/h2>\t\t\t\t<\/div>\n\t\t\t\t<\/div>\n\t\t\t\t<div class=\"elementor-element elementor-element-d6c44f0 elementor-widget elementor-widget-text-editor\" data-id=\"d6c44f0\" data-element_type=\"widget\" data-e-type=\"widget\" data-widget_type=\"text-editor.default\">\n\t\t\t\t<div class=\"elementor-widget-container\">\n\t\t\t\t\t\t\t\t\t<p>Val do Saln\u00e9s is much more than a destination; it&#039;s an experience. With long, sunny days in spring and summer, this place invites you to explore its mountains, enjoy its beaches, and immerse yourself in the hospitality of the Galician people. From here, you can discover the secrets of a unique and magical land: Galicia.<\/p><p>Among the treasures of the R\u00edas Baixas, the following stand out: <strong>Island of Arousa<\/strong>, the imposing <strong>C\u00edes Islands<\/strong> and the charming <strong>Ons Islands<\/strong>. These destinations not only amaze with their beauty, but also tell stories of tradition and the sea.<\/p>\t\t\t\t\t\t\t\t<\/div>\n\t\t\t\t<\/div>\n\t\t\t\t\t<\/div>\n\t\t<\/div>\n\t\t\t\t\t<\/div>\n\t\t<\/section>\n\t\t\t\t<section class=\"elementor-section elementor-top-section elementor-element elementor-element-a77347f elementor-section-boxed elementor-section-height-default elementor-section-height-default\" data-id=\"a77347f\" data-element_type=\"section\" data-e-type=\"section\">\n\t\t\t\t\t\t<div class=\"elementor-container elementor-column-gap-default\">\n\t\t\t\t\t<div class=\"elementor-column elementor-col-100 elementor-top-column elementor-element elementor-element-0c83952\" data-id=\"0c83952\" data-element_type=\"column\" data-e-type=\"column\">\n\t\t\t<div class=\"elementor-widget-wrap elementor-element-populated\">\n\t\t\t\t\t\t<div class=\"elementor-element elementor-element-8253de5 elementor-widget elementor-widget-heading\" data-id=\"8253de5\" data-element_type=\"widget\" data-e-type=\"widget\" data-widget_type=\"heading.default\">\n\t\t\t\t<div class=\"elementor-widget-container\">\n\t\t\t\t\t<h2 class=\"elementor-heading-title elementor-size-default\">Paths of History and Spirituality<\/h2>\t\t\t\t<\/div>\n\t\t\t\t<\/div>\n\t\t\t\t<div class=\"elementor-element elementor-element-ea5582c elementor-widget elementor-widget-text-editor\" data-id=\"ea5582c\" data-element_type=\"widget\" data-e-type=\"widget\" data-widget_type=\"text-editor.default\">\n\t\t\t\t<div class=\"elementor-widget-container\">\n\t\t\t\t\t\t\t\t\t<p>Very close to our winery runs the emblematic <strong>Route of \u201cA Pedra ea Auga\u201d<\/strong>, This path forms part of the Portuguese Way of St. James, in its spiritual variant. This route, less than 2 kilometers long, runs alongside the river. <strong>Rego da Armenteira<\/strong> and leads to the majestic <strong>Armenteira Monastery<\/strong>. This monument, in Renaissance and Baroque style, houses within its walls the Romanesque church built by the Cistercian abbot in 1167.<\/p><p>It is a path where the murmur of the water and the shade of the trees invite introspection and connection with centuries of history.<\/p>\t\t\t\t\t\t\t\t<\/div>\n\t\t\t\t<\/div>\n\t\t\t\t\t<\/div>\n\t\t<\/div>\n\t\t\t\t\t<\/div>\n\t\t<\/section>\n\t\t\t\t<section class=\"elementor-section elementor-top-section elementor-element elementor-element-eaffd75 elementor-section-boxed elementor-section-height-default elementor-section-height-default\" data-id=\"eaffd75\" data-element_type=\"section\" data-e-type=\"section\">\n\t\t\t\t\t\t<div class=\"elementor-container elementor-column-gap-default\">\n\t\t\t\t\t<div class=\"elementor-column elementor-col-100 elementor-top-column elementor-element elementor-element-45b65e0\" data-id=\"45b65e0\" data-element_type=\"column\" data-e-type=\"column\">\n\t\t\t<div class=\"elementor-widget-wrap elementor-element-populated\">\n\t\t\t\t\t\t<div class=\"elementor-element elementor-element-334df33 elementor-widget elementor-widget-heading\" data-id=\"334df33\" data-element_type=\"widget\" data-e-type=\"widget\" data-widget_type=\"heading.default\">\n\t\t\t\t<div class=\"elementor-widget-container\">\n\t\t\t\t\t<h2 class=\"elementor-heading-title elementor-size-default\">The Soul of the Sea: Tradition and Gastronomy<\/h2>\t\t\t\t<\/div>\n\t\t\t\t<\/div>\n\t\t\t\t<div class=\"elementor-element elementor-element-b2b15b8 elementor-widget elementor-widget-text-editor\" data-id=\"b2b15b8\" data-element_type=\"widget\" data-e-type=\"widget\" data-widget_type=\"text-editor.default\">\n\t\t\t\t<div class=\"elementor-widget-container\">\n\t\t\t\t\t\t\t\t\t<p>The landscape of the estuary is unmistakable for its <strong>troughs<\/strong>, Floating wooden structures where Galicia&#039;s famous mussels and oysters are cultivated. During low tide, the <strong>shellfish gatherers<\/strong> They walk along the coast collecting clams and cockles, while the fishermen work in their traditional boats. These activities, inherited from generations, are the soul of a cuisine that has become a hallmark of the region.<\/p><p>The beaches in the area are no less impressive. <strong>Island of Arousa<\/strong>, Small hidden coves invite relaxation, highlighting the Natural Park of <strong>O Carreir\u00f3n<\/strong>, with its white sands and crystal-clear waters. Meanwhile, in <strong>Sanxenxo<\/strong>, the famous beach of <strong>The Launch<\/strong> It stretches for 2,500 meters of open sea sand, establishing itself as one of the most iconic tourist spots in Galicia.<\/p><p>And, of course, the gastronomy is a feast for the palate. Seafood from the R\u00edas, such as cockles, clams, shrimp, and spider crabs, is the jewel of Galician cuisine, which local chefs elevate to its highest expression.<\/p>\t\t\t\t\t\t\t\t<\/div>\n\t\t\t\t<\/div>\n\t\t\t\t\t<\/div>\n\t\t<\/div>\n\t\t\t\t\t<\/div>\n\t\t<\/section>\n\t\t\t\t<section class=\"elementor-section elementor-top-section elementor-element elementor-element-620aaed elementor-section-boxed elementor-section-height-default elementor-section-height-default\" data-id=\"620aaed\" data-element_type=\"section\" data-e-type=\"section\">\n\t\t\t\t\t\t<div class=\"elementor-container elementor-column-gap-default\">\n\t\t\t\t\t<div class=\"elementor-column elementor-col-50 elementor-top-column elementor-element elementor-element-3749395\" data-id=\"3749395\" data-element_type=\"column\" data-e-type=\"column\">\n\t\t\t<div class=\"elementor-widget-wrap elementor-element-populated\">\n\t\t\t\t\t\t<div class=\"elementor-element elementor-element-8b94741 elementor-widget elementor-widget-heading\" data-id=\"8b94741\" data-element_type=\"widget\" data-e-type=\"widget\" data-widget_type=\"heading.default\">\n\t\t\t\t<div class=\"elementor-widget-container\">\n\t\t\t\t\t<h2 class=\"elementor-heading-title elementor-size-default\">Festivals and Traditions: A Continuous Celebration<\/h2>\t\t\t\t<\/div>\n\t\t\t\t<\/div>\n\t\t\t\t<div class=\"elementor-element elementor-element-de9edfc elementor-widget elementor-widget-text-editor\" data-id=\"de9edfc\" data-element_type=\"widget\" data-e-type=\"widget\" data-widget_type=\"text-editor.default\">\n\t\t\t\t<div class=\"elementor-widget-container\">\n\t\t\t\t\t\t\t\t\t<p>Galicia is a land of <strong>open-air dances and festivals<\/strong> which celebrate the richness of their culture. In summer, every corner of Galicia comes alive with celebrations such as:<\/p><ul><li><strong>Albari\u00f1o Festival<\/strong> in Cambados.<\/li><li><strong>Water Festival<\/strong> in Vilagarc\u00eda.<\/li><li><strong>Seafood Festival<\/strong> in O Grove.<\/li><li><strong>Viking Pilgrimage<\/strong> in Catoira.<\/li><li><strong>Feira Franca<\/strong> in Pontevedra.<\/li><\/ul><p>Each festival is an opportunity to discover unique traditions, music, dance, and gastronomy that captivate all visitors.<\/p>\t\t\t\t\t\t\t\t<\/div>\n\t\t\t\t<\/div>\n\t\t\t\t\t<\/div>\n\t\t<\/div>\n\t\t\t\t<div class=\"elementor-column elementor-col-50 elementor-top-column elementor-element elementor-element-620ce04\" data-id=\"620ce04\" data-element_type=\"column\" data-e-type=\"column\">\n\t\t\t<div class=\"elementor-widget-wrap elementor-element-populated\">\n\t\t\t\t\t\t<div class=\"elementor-element elementor-element-287de3c elementor-widget elementor-widget-image\" data-id=\"287de3c\" data-element_type=\"widget\" data-e-type=\"widget\" data-widget_type=\"image.default\">\n\t\t\t\t<div class=\"elementor-widget-container\">\n\t\t\t\t\t\t\t\t\t\t\t\t\t\t\t<img decoding=\"async\" src=\"https:\/\/www.bodegaschaves.com\/wp-content\/uploads\/elementor\/thumbs\/Pulpo-Gallego-rje7eifi873ye989voha7qx8i3st02v79sagf55qyo.jpg\" title=\"Galician Octopus\" alt=\"Galician Octopus\" loading=\"lazy\" \/>\t\t\t\t\t\t\t\t\t\t\t\t\t\t\t<\/div>\n\t\t\t\t<\/div>\n\t\t\t\t\t<\/div>\n\t\t<\/div>\n\t\t\t\t\t<\/div>\n\t\t<\/section>\n\t\t\t\t<section class=\"elementor-section elementor-top-section elementor-element elementor-element-323157d elementor-section-boxed elementor-section-height-default elementor-section-height-default\" data-id=\"323157d\" data-element_type=\"section\" data-e-type=\"section\">\n\t\t\t\t\t\t<div class=\"elementor-container elementor-column-gap-default\">\n\t\t\t\t\t<div class=\"elementor-column elementor-col-100 elementor-top-column elementor-element elementor-element-eb89dae\" data-id=\"eb89dae\" data-element_type=\"column\" data-e-type=\"column\">\n\t\t\t<div class=\"elementor-widget-wrap elementor-element-populated\">\n\t\t\t\t\t\t<div class=\"elementor-element elementor-element-52f0091 elementor-widget elementor-widget-heading\" data-id=\"52f0091\" data-element_type=\"widget\" data-e-type=\"widget\" data-widget_type=\"heading.default\">\n\t\t\t\t<div class=\"elementor-widget-container\">\n\t\t\t\t\t<h2 class=\"elementor-heading-title elementor-size-default\">A Land to Fall in Love With\n<\/h2>\t\t\t\t<\/div>\n\t\t\t\t<\/div>\n\t\t\t\t<div class=\"elementor-element elementor-element-21abe73 elementor-widget elementor-widget-text-editor\" data-id=\"21abe73\" data-element_type=\"widget\" data-e-type=\"widget\" data-widget_type=\"text-editor.default\">\n\t\t\t\t<div class=\"elementor-widget-container\">\n\t\t\t\t\t\t\t\t\t<p>It&#039;s impossible to visit Galicia and not succumb to its charm. It&#039;s a magical land, full of possibilities and experiences. Those who come, return, and those who truly experience it leave a piece of their heart here.<\/p><p>Galicia is a place to discover, and <strong>Arousa<\/strong>, A R\u00eda to live in. We invite you to explore this magical corner and let yourself be carried away by the beauty and richness of the R\u00edas Baixas.<\/p><p>You can find out more at <a href=\"https:\/\/www.turismoriasbaixas.com\/\" target=\"_blank\" rel=\"noopener\"><strong>R\u00edas Baixas Tourism<\/strong><\/a> and start planning your next adventure.<\/p>\t\t\t\t\t\t\t\t<\/div>\n\t\t\t\t<\/div>\n\t\t\t\t\t<\/div>\n\t\t<\/div>\n\t\t\t\t\t<\/div>\n\t\t<\/section>\n\t\t\t\t<\/div>","protected":false},"excerpt":{"rendered":"<p>Val do Saln\u00e9s: Donde la Magia de Galicia Cobra Vida En el coraz\u00f3n de las R\u00edas Baixas se encuentra un rinc\u00f3n privilegiado de Galicia: el Val do Saln\u00e9s, un territorio que combina paisajes de ensue\u00f1o, cultura vibrante y una conexi\u00f3n \u00fanica con la naturaleza. Aqu\u00ed, entre colinas verdes y playas cristalinas, se encuentra la esencia [&hellip;]<\/p>\n","protected":false},"author":3,"featured_media":0,"parent":68,"menu_order":0,"comment_status":"closed","ping_status":"closed","template":"","meta":{"ocean_post_layout":"","ocean_both_sidebars_style":"","ocean_both_sidebars_content_width":0,"ocean_both_sidebars_sidebars_width":0,"ocean_sidebar":"0","ocean_second_sidebar":"0","ocean_disable_margins":"enable","ocean_add_body_class":"","ocean_shortcode_before_top_bar":"","ocean_shortcode_after_top_bar":"","ocean_shortcode_before_header":"","ocean_shortcode_after_header":"","ocean_has_shortcode":"","ocean_shortcode_after_title":"","ocean_shortcode_before_footer_widgets":"","ocean_shortcode_after_footer_widgets":"","ocean_shortcode_before_footer_bottom":"","ocean_shortcode_after_footer_bottom":"","ocean_display_top_bar":"default","ocean_display_header":"default","ocean_header_style":"","ocean_center_header_left_menu":"0","ocean_custom_header_template":"0","ocean_custom_logo":0,"ocean_custom_retina_logo":0,"ocean_custom_logo_max_width":0,"ocean_custom_logo_tablet_max_width":0,"ocean_custom_logo_mobile_max_width":0,"ocean_custom_logo_max_height":0,"ocean_custom_logo_tablet_max_height":0,"ocean_custom_logo_mobile_max_height":0,"ocean_header_custom_menu":"0","ocean_menu_typo_font_family":"0","ocean_menu_typo_font_subset":"","ocean_menu_typo_font_size":0,"ocean_menu_typo_font_size_tablet":0,"ocean_menu_typo_font_size_mobile":0,"ocean_menu_typo_font_size_unit":"px","ocean_menu_typo_font_weight":"","ocean_menu_typo_font_weight_tablet":"","ocean_menu_typo_font_weight_mobile":"","ocean_menu_typo_transform":"","ocean_menu_typo_transform_tablet":"","ocean_menu_typo_transform_mobile":"","ocean_menu_typo_line_height":0,"ocean_menu_typo_line_height_tablet":0,"ocean_menu_typo_line_height_mobile":0,"ocean_menu_typo_line_height_unit":"","ocean_menu_typo_spacing":0,"ocean_menu_typo_spacing_tablet":0,"ocean_menu_typo_spacing_mobile":0,"ocean_menu_typo_spacing_unit":"","ocean_menu_link_color":"","ocean_menu_link_color_hover":"","ocean_menu_link_color_active":"","ocean_menu_link_background":"","ocean_menu_link_hover_background":"","ocean_menu_link_active_background":"","ocean_menu_social_links_bg":"","ocean_menu_social_hover_links_bg":"","ocean_menu_social_links_color":"","ocean_menu_social_hover_links_color":"","ocean_disable_title":"default","ocean_disable_heading":"default","ocean_post_title":"","ocean_post_subheading":"","ocean_post_title_style":"","ocean_post_title_background_color":"","ocean_post_title_background":0,"ocean_post_title_bg_image_position":"","ocean_post_title_bg_image_attachment":"","ocean_post_title_bg_image_repeat":"","ocean_post_title_bg_image_size":"","ocean_post_title_height":0,"ocean_post_title_bg_overlay":0.5,"ocean_post_title_bg_overlay_color":"","ocean_disable_breadcrumbs":"default","ocean_breadcrumbs_color":"","ocean_breadcrumbs_separator_color":"","ocean_breadcrumbs_links_color":"","ocean_breadcrumbs_links_hover_color":"","ocean_display_footer_widgets":"default","ocean_display_footer_bottom":"default","ocean_custom_footer_template":"0","footnotes":""},"class_list":["post-351","page","type-page","status-publish","hentry","entry","owp-thumbs-layout-horizontal","owp-btn-normal","owp-tabs-layout-section","has-no-thumbnails","has-product-nav"],"_links":{"self":[{"href":"https:\/\/www.bodegaschaves.com\/en\/wp-json\/wp\/v2\/pages\/351","targetHints":{"allow":["GET"]}}],"collection":[{"href":"https:\/\/www.bodegaschaves.com\/en\/wp-json\/wp\/v2\/pages"}],"about":[{"href":"https:\/\/www.bodegaschaves.com\/en\/wp-json\/wp\/v2\/types\/page"}],"author":[{"embeddable":true,"href":"https:\/\/www.bodegaschaves.com\/en\/wp-json\/wp\/v2\/users\/3"}],"replies":[{"embeddable":true,"href":"https:\/\/www.bodegaschaves.com\/en\/wp-json\/wp\/v2\/comments?post=351"}],"version-history":[{"count":40,"href":"https:\/\/www.bodegaschaves.com\/en\/wp-json\/wp\/v2\/pages\/351\/revisions"}],"predecessor-version":[{"id":2249,"href":"https:\/\/www.bodegaschaves.com\/en\/wp-json\/wp\/v2\/pages\/351\/revisions\/2249"}],"up":[{"embeddable":true,"href":"https:\/\/www.bodegaschaves.com\/en\/wp-json\/wp\/v2\/pages\/68"}],"wp:attachment":[{"href":"https:\/\/www.bodegaschaves.com\/en\/wp-json\/wp\/v2\/media?parent=351"}],"curies":[{"name":"wp","href":"https:\/\/api.w.org\/{rel}","templated":true}]}}