{"id":349,"date":"2023-07-20T08:53:03","date_gmt":"2023-07-20T08:53:03","guid":{"rendered":"https:\/\/bodegaschaves.clientes.galiciadigital.com\/?page_id=349"},"modified":"2025-01-18T08:33:02","modified_gmt":"2025-01-18T08:33:02","slug":"do-rias-baixas","status":"publish","type":"page","link":"https:\/\/www.bodegaschaves.com\/en\/la-bodega\/do-rias-baixas\/","title":{"rendered":"Designation of origin"},"content":{"rendered":"<div data-elementor-type=\"wp-page\" data-elementor-id=\"349\" class=\"elementor elementor-349\">\n\t\t\t\t\t\t<section class=\"elementor-section elementor-top-section elementor-element elementor-element-3088b1d elementor-section-boxed elementor-section-height-default elementor-section-height-default\" data-id=\"3088b1d\" data-element_type=\"section\" data-e-type=\"section\">\n\t\t\t\t\t\t<div class=\"elementor-container elementor-column-gap-default\">\n\t\t\t\t\t<div class=\"elementor-column elementor-col-50 elementor-top-column elementor-element elementor-element-e657fb9\" data-id=\"e657fb9\" data-element_type=\"column\" data-e-type=\"column\">\n\t\t\t<div class=\"elementor-widget-wrap elementor-element-populated\">\n\t\t\t\t\t\t<div class=\"elementor-element elementor-element-7707021 elementor-widget elementor-widget-image\" data-id=\"7707021\" data-element_type=\"widget\" data-e-type=\"widget\" data-widget_type=\"image.default\">\n\t\t\t\t<div class=\"elementor-widget-container\">\n\t\t\t\t\t\t\t\t\t\t\t\t\t\t\t<img fetchpriority=\"high\" decoding=\"async\" width=\"600\" height=\"400\" src=\"https:\/\/www.bodegaschaves.com\/wp-content\/uploads\/2023\/07\/bodega-do-rias-baixas.jpg\" class=\"attachment-full size-full wp-image-617\" alt=\"\" srcset=\"https:\/\/www.bodegaschaves.com\/wp-content\/uploads\/2023\/07\/bodega-do-rias-baixas.jpg 600w, https:\/\/www.bodegaschaves.com\/wp-content\/uploads\/2023\/07\/bodega-do-rias-baixas-300x200.jpg 300w\" sizes=\"(max-width: 600px) 100vw, 600px\" \/>\t\t\t\t\t\t\t\t\t\t\t\t\t\t\t<\/div>\n\t\t\t\t<\/div>\n\t\t\t\t\t<\/div>\n\t\t<\/div>\n\t\t\t\t<div class=\"elementor-column elementor-col-50 elementor-top-column elementor-element elementor-element-c4a2e66\" data-id=\"c4a2e66\" data-element_type=\"column\" data-e-type=\"column\">\n\t\t\t<div class=\"elementor-widget-wrap elementor-element-populated\">\n\t\t\t\t\t\t<div class=\"elementor-element elementor-element-d31a021 elementor-widget elementor-widget-heading\" data-id=\"d31a021\" data-element_type=\"widget\" data-e-type=\"widget\" data-widget_type=\"heading.default\">\n\t\t\t\t<div class=\"elementor-widget-container\">\n\t\t\t\t\t<h1 class=\"elementor-heading-title elementor-size-default\">R\u00edas Baixas Designation of Origin: Winemaking Tradition and Excellence\n<\/h1>\t\t\t\t<\/div>\n\t\t\t\t<\/div>\n\t\t\t\t<div class=\"elementor-element elementor-element-3411701 elementor-widget elementor-widget-text-editor\" data-id=\"3411701\" data-element_type=\"widget\" data-e-type=\"widget\" data-widget_type=\"text-editor.default\">\n\t\t\t\t<div class=\"elementor-widget-container\">\n\t\t\t\t\t\t\t\t\t<p>The history of the R\u00edas Baixas Designation of Origin is, in essence, the story of Bodegas Chaves. A family legacy that flourished thanks to the vision of Jos\u00e9 Chaves, son of C\u00e1ndido, who in the 1980s saw unique potential in our Galician land. This dream began among the vineyards, where the Albari\u00f1o grape, with its exceptional organoleptic properties, promised to revolutionize the world of wine.<\/p><p>Jos\u00e9, at the helm of Bodegas Chaves, and along with seven other pioneering wineries, initiated a movement that changed the course of our viticulture. In those years, they traveled throughout Europe, sharing the richness of our land and the unique character of our wine, until they consolidated what we know today as the R\u00edas Baixas Designation of Origin.<\/p>\t\t\t\t\t\t\t\t<\/div>\n\t\t\t\t<\/div>\n\t\t\t\t\t<\/div>\n\t\t<\/div>\n\t\t\t\t\t<\/div>\n\t\t<\/section>\n\t\t\t\t<section class=\"elementor-section elementor-top-section elementor-element elementor-element-e3285b9 elementor-section-boxed elementor-section-height-default elementor-section-height-default\" data-id=\"e3285b9\" data-element_type=\"section\" data-e-type=\"section\">\n\t\t\t\t\t\t<div class=\"elementor-container elementor-column-gap-default\">\n\t\t\t\t\t<div class=\"elementor-column elementor-col-100 elementor-top-column elementor-element elementor-element-d2eedff\" data-id=\"d2eedff\" data-element_type=\"column\" data-e-type=\"column\">\n\t\t\t<div class=\"elementor-widget-wrap elementor-element-populated\">\n\t\t\t\t\t\t<div class=\"elementor-element elementor-element-afba9b7 elementor-widget elementor-widget-heading\" data-id=\"afba9b7\" data-element_type=\"widget\" data-e-type=\"widget\" data-widget_type=\"heading.default\">\n\t\t\t\t<div class=\"elementor-widget-container\">\n\t\t\t\t\t<h2 class=\"elementor-heading-title elementor-size-default\">A Recognition Forged with Effort\n<\/h2>\t\t\t\t<\/div>\n\t\t\t\t<\/div>\n\t\t\t\t<div class=\"elementor-element elementor-element-7282d40 elementor-widget elementor-widget-text-editor\" data-id=\"7282d40\" data-element_type=\"widget\" data-e-type=\"widget\" data-widget_type=\"text-editor.default\">\n\t\t\t\t<div class=\"elementor-widget-container\">\n\t\t\t\t\t\t\t\t\t<p>The dream materialized in 1980, when the Albari\u00f1o Specific Denomination was officially recognized in the<a href=\"https:\/\/www.boe.es\/boe\/dias\/1980\/10\/11\/\" target=\"_blank\" rel=\"noopener\"> Official State Gazette, October 11<\/a>. Four years later, in 1984, the regulations that created the Regulatory Council were approved. And finally, in 1988, the Ministry of Agriculture, Fisheries and Food ratified the <a href=\"https:\/\/www.boe.es\/boe\/dias\/1980\/10\/11\/pdfs\/A22694-22694.pdf\" target=\"_blank\" rel=\"noopener\">R\u00edas Baixas Denomination of Origin<\/a>, marking a milestone in the history of Spanish wine.<\/p>\t\t\t\t\t\t\t\t<\/div>\n\t\t\t\t<\/div>\n\t\t\t\t\t<\/div>\n\t\t<\/div>\n\t\t\t\t\t<\/div>\n\t\t<\/section>\n\t\t\t\t<section class=\"elementor-section elementor-top-section elementor-element elementor-element-c857106 elementor-section-boxed elementor-section-height-default elementor-section-height-default\" data-id=\"c857106\" data-element_type=\"section\" data-e-type=\"section\">\n\t\t\t\t\t\t<div class=\"elementor-container elementor-column-gap-default\">\n\t\t\t\t\t<div class=\"elementor-column elementor-col-100 elementor-top-column elementor-element elementor-element-64b0d7f\" data-id=\"64b0d7f\" data-element_type=\"column\" data-e-type=\"column\">\n\t\t\t<div class=\"elementor-widget-wrap elementor-element-populated\">\n\t\t\t\t\t\t<div class=\"elementor-element elementor-element-1fb84b6 elementor-widget elementor-widget-heading\" data-id=\"1fb84b6\" data-element_type=\"widget\" data-e-type=\"widget\" data-widget_type=\"heading.default\">\n\t\t\t\t<div class=\"elementor-widget-container\">\n\t\t\t\t\t<h2 class=\"elementor-heading-title elementor-size-default\">The Jewels of R\u00edas Baixas: Its Five Subzones\n<\/h2>\t\t\t\t<\/div>\n\t\t\t\t<\/div>\n\t\t\t\t<div class=\"elementor-element elementor-element-1a22dcc elementor-widget elementor-widget-text-editor\" data-id=\"1a22dcc\" data-element_type=\"widget\" data-e-type=\"widget\" data-widget_type=\"text-editor.default\">\n\t\t\t\t<div class=\"elementor-widget-container\">\n\t\t\t\t\t\t\t\t\t<p>Each bottle of wine under the R\u00edas Baixas DO is a reflection of its origin, a tribute to its five sub-zones:<\/p><ul><li><strong>Val do Saln\u00e9s<\/strong><\/li><li><strong>Tea County<\/strong><\/li><li><strong>O Rosal<\/strong><\/li><li><strong>Soutomaior<\/strong> (incorporated in 1996)<\/li><li><strong>Ribeira do Ulla<\/strong> (added in 2000)<\/li><\/ul><p>In these lands there are more than 4,061 hectares of vineyards spread across 21,825 small plots, carefully tended by more than 5,550 winegrowers who continue to rely on traditional methods such as the emblematic trellising.<\/p>\t\t\t\t\t\t\t\t<\/div>\n\t\t\t\t<\/div>\n\t\t\t\t\t<\/div>\n\t\t<\/div>\n\t\t\t\t\t<\/div>\n\t\t<\/section>\n\t\t\t\t<section class=\"elementor-section elementor-top-section elementor-element elementor-element-e2237ed elementor-section-boxed elementor-section-height-default elementor-section-height-default\" data-id=\"e2237ed\" data-element_type=\"section\" data-e-type=\"section\">\n\t\t\t\t\t\t<div class=\"elementor-container elementor-column-gap-default\">\n\t\t\t\t\t<div class=\"elementor-column elementor-col-100 elementor-top-column elementor-element elementor-element-f04116b\" data-id=\"f04116b\" data-element_type=\"column\" data-e-type=\"column\">\n\t\t\t<div class=\"elementor-widget-wrap elementor-element-populated\">\n\t\t\t\t\t\t<div class=\"elementor-element elementor-element-a614396 elementor-widget elementor-widget-heading\" data-id=\"a614396\" data-element_type=\"widget\" data-e-type=\"widget\" data-widget_type=\"heading.default\">\n\t\t\t\t<div class=\"elementor-widget-container\">\n\t\t\t\t\t<h2 class=\"elementor-heading-title elementor-size-default\">A Seal of Quality and Trust\n<\/h2>\t\t\t\t<\/div>\n\t\t\t\t<\/div>\n\t\t\t\t<div class=\"elementor-element elementor-element-f7dfbb4 elementor-widget elementor-widget-text-editor\" data-id=\"f7dfbb4\" data-element_type=\"widget\" data-e-type=\"widget\" data-widget_type=\"text-editor.default\">\n\t\t\t\t<div class=\"elementor-widget-container\">\n\t\t\t\t\t\t\t\t\t<p>The R\u00edas Baixas Designation of Origin Regulatory Board ensures compliance with the highest quality standards. Its functions include:<\/p><ul><li><strong>Origin Control<\/strong>: Guaranteeing the authenticity of each bottle.<\/li><li><strong>Quality Certification<\/strong>Ensuring that each wine is worthy of its prestige.<\/li><li><strong>International Promotion<\/strong>Taking the name of R\u00edas Baixas to the most exclusive markets in the world.<\/li><\/ul><p>The result: a globally recognized Albari\u00f1o, whose quality and distinction have won over demanding palates on all five continents.<\/p><h4>\u00a0<\/h4>\t\t\t\t\t\t\t\t<\/div>\n\t\t\t\t<\/div>\n\t\t\t\t\t<\/div>\n\t\t<\/div>\n\t\t\t\t\t<\/div>\n\t\t<\/section>\n\t\t\t\t<section class=\"elementor-section elementor-top-section elementor-element elementor-element-0be92ba elementor-section-boxed elementor-section-height-default elementor-section-height-default\" data-id=\"0be92ba\" data-element_type=\"section\" data-e-type=\"section\">\n\t\t\t\t\t\t<div class=\"elementor-container elementor-column-gap-default\">\n\t\t\t\t\t<div class=\"elementor-column elementor-col-100 elementor-top-column elementor-element elementor-element-72d4f8a\" data-id=\"72d4f8a\" data-element_type=\"column\" data-e-type=\"column\">\n\t\t\t<div class=\"elementor-widget-wrap elementor-element-populated\">\n\t\t\t\t\t\t<div class=\"elementor-element elementor-element-c42eef7 elementor-widget elementor-widget-heading\" data-id=\"c42eef7\" data-element_type=\"widget\" data-e-type=\"widget\" data-widget_type=\"heading.default\">\n\t\t\t\t<div class=\"elementor-widget-container\">\n\t\t\t\t\t<h2 class=\"elementor-heading-title elementor-size-default\">R\u00edas Baixas: More than a Wine, an Experience\n<\/h2>\t\t\t\t<\/div>\n\t\t\t\t<\/div>\n\t\t\t\t<div class=\"elementor-element elementor-element-fba4f09 elementor-widget elementor-widget-text-editor\" data-id=\"fba4f09\" data-element_type=\"widget\" data-e-type=\"widget\" data-widget_type=\"text-editor.default\">\n\t\t\t\t<div class=\"elementor-widget-container\">\n\t\t\t\t\t\t\t\t\t<p>Discovering the wines of the R\u00edas Baixas Designation of Origin is to delve into a story of hard work, passion, and a deep connection to the land. Each sip carries with it the aroma of the Atlantic, the freshness of the Galician winds, and the legacy of a viticulture that honors its roots while looking to the future.<\/p><p>Discover R\u00edas Baixas, a designation where tradition and excellence come together to create unparalleled wines.<\/p>\t\t\t\t\t\t\t\t<\/div>\n\t\t\t\t<\/div>\n\t\t\t\t\t<\/div>\n\t\t<\/div>\n\t\t\t\t\t<\/div>\n\t\t<\/section>\n\t\t\t\t<\/div>","protected":false},"excerpt":{"rendered":"<p>Denominaci\u00f3n de Origen R\u00edas Baixas: Tradici\u00f3n y Excelencia Vin\u00edcola La historia de la Denominaci\u00f3n de Origen R\u00edas Baixas es, en esencia, la historia de Bodegas Chaves. Un legado familiar que floreci\u00f3 gracias a la visi\u00f3n de Jos\u00e9 Chaves, hijo de C\u00e1ndido, quien en los a\u00f1os ochenta vio en nuestra tierra gallega un potencial \u00fanico. Este [&hellip;]<\/p>\n","protected":false},"author":3,"featured_media":0,"parent":68,"menu_order":0,"comment_status":"closed","ping_status":"closed","template":"","meta":{"ocean_post_layout":"","ocean_both_sidebars_style":"","ocean_both_sidebars_content_width":0,"ocean_both_sidebars_sidebars_width":0,"ocean_sidebar":"0","ocean_second_sidebar":"0","ocean_disable_margins":"enable","ocean_add_body_class":"","ocean_shortcode_before_top_bar":"","ocean_shortcode_after_top_bar":"","ocean_shortcode_before_header":"","ocean_shortcode_after_header":"","ocean_has_shortcode":"","ocean_shortcode_after_title":"","ocean_shortcode_before_footer_widgets":"","ocean_shortcode_after_footer_widgets":"","ocean_shortcode_before_footer_bottom":"","ocean_shortcode_after_footer_bottom":"","ocean_display_top_bar":"default","ocean_display_header":"default","ocean_header_style":"","ocean_center_header_left_menu":"0","ocean_custom_header_template":"0","ocean_custom_logo":0,"ocean_custom_retina_logo":0,"ocean_custom_logo_max_width":0,"ocean_custom_logo_tablet_max_width":0,"ocean_custom_logo_mobile_max_width":0,"ocean_custom_logo_max_height":0,"ocean_custom_logo_tablet_max_height":0,"ocean_custom_logo_mobile_max_height":0,"ocean_header_custom_menu":"0","ocean_menu_typo_font_family":"0","ocean_menu_typo_font_subset":"","ocean_menu_typo_font_size":0,"ocean_menu_typo_font_size_tablet":0,"ocean_menu_typo_font_size_mobile":0,"ocean_menu_typo_font_size_unit":"px","ocean_menu_typo_font_weight":"","ocean_menu_typo_font_weight_tablet":"","ocean_menu_typo_font_weight_mobile":"","ocean_menu_typo_transform":"","ocean_menu_typo_transform_tablet":"","ocean_menu_typo_transform_mobile":"","ocean_menu_typo_line_height":0,"ocean_menu_typo_line_height_tablet":0,"ocean_menu_typo_line_height_mobile":0,"ocean_menu_typo_line_height_unit":"","ocean_menu_typo_spacing":0,"ocean_menu_typo_spacing_tablet":0,"ocean_menu_typo_spacing_mobile":0,"ocean_menu_typo_spacing_unit":"","ocean_menu_link_color":"","ocean_menu_link_color_hover":"","ocean_menu_link_color_active":"","ocean_menu_link_background":"","ocean_menu_link_hover_background":"","ocean_menu_link_active_background":"","ocean_menu_social_links_bg":"","ocean_menu_social_hover_links_bg":"","ocean_menu_social_links_color":"","ocean_menu_social_hover_links_color":"","ocean_disable_title":"default","ocean_disable_heading":"default","ocean_post_title":"","ocean_post_subheading":"","ocean_post_title_style":"","ocean_post_title_background_color":"","ocean_post_title_background":0,"ocean_post_title_bg_image_position":"","ocean_post_title_bg_image_attachment":"","ocean_post_title_bg_image_repeat":"","ocean_post_title_bg_image_size":"","ocean_post_title_height":0,"ocean_post_title_bg_overlay":0.5,"ocean_post_title_bg_overlay_color":"","ocean_disable_breadcrumbs":"default","ocean_breadcrumbs_color":"","ocean_breadcrumbs_separator_color":"","ocean_breadcrumbs_links_color":"","ocean_breadcrumbs_links_hover_color":"","ocean_display_footer_widgets":"default","ocean_display_footer_bottom":"default","ocean_custom_footer_template":"0","footnotes":""},"class_list":["post-349","page","type-page","status-publish","hentry","entry","owp-thumbs-layout-horizontal","owp-btn-normal","owp-tabs-layout-section","has-no-thumbnails","has-product-nav"],"_links":{"self":[{"href":"https:\/\/www.bodegaschaves.com\/en\/wp-json\/wp\/v2\/pages\/349","targetHints":{"allow":["GET"]}}],"collection":[{"href":"https:\/\/www.bodegaschaves.com\/en\/wp-json\/wp\/v2\/pages"}],"about":[{"href":"https:\/\/www.bodegaschaves.com\/en\/wp-json\/wp\/v2\/types\/page"}],"author":[{"embeddable":true,"href":"https:\/\/www.bodegaschaves.com\/en\/wp-json\/wp\/v2\/users\/3"}],"replies":[{"embeddable":true,"href":"https:\/\/www.bodegaschaves.com\/en\/wp-json\/wp\/v2\/comments?post=349"}],"version-history":[{"count":55,"href":"https:\/\/www.bodegaschaves.com\/en\/wp-json\/wp\/v2\/pages\/349\/revisions"}],"predecessor-version":[{"id":2546,"href":"https:\/\/www.bodegaschaves.com\/en\/wp-json\/wp\/v2\/pages\/349\/revisions\/2546"}],"up":[{"embeddable":true,"href":"https:\/\/www.bodegaschaves.com\/en\/wp-json\/wp\/v2\/pages\/68"}],"wp:attachment":[{"href":"https:\/\/www.bodegaschaves.com\/en\/wp-json\/wp\/v2\/media?parent=349"}],"curies":[{"name":"wp","href":"https:\/\/api.w.org\/{rel}","templated":true}]}}