{"id":25,"date":"2023-07-19T08:09:28","date_gmt":"2023-07-19T08:09:28","guid":{"rendered":"https:\/\/bodegaschaves.clientes.galiciadigital.com\/?page_id=25"},"modified":"2023-08-25T08:23:25","modified_gmt":"2023-08-25T08:23:25","slug":"terms-and-conditions","status":"publish","type":"page","link":"https:\/\/www.bodegaschaves.com\/en\/terminos-y-condiciones\/","title":{"rendered":"Terms and Conditions"},"content":{"rendered":"<div data-elementor-type=\"wp-page\" data-elementor-id=\"25\" class=\"elementor elementor-25\">\n\t\t\t\t\t\t<section class=\"elementor-section elementor-top-section elementor-element elementor-element-3092d057 elementor-section-boxed elementor-section-height-default elementor-section-height-default\" data-id=\"3092d057\" data-element_type=\"section\" data-e-type=\"section\">\n\t\t\t\t\t\t<div class=\"elementor-container elementor-column-gap-default\">\n\t\t\t\t\t<div class=\"elementor-column elementor-col-100 elementor-top-column elementor-element elementor-element-5f1fac2d\" data-id=\"5f1fac2d\" data-element_type=\"column\" data-e-type=\"column\">\n\t\t\t<div class=\"elementor-widget-wrap elementor-element-populated\">\n\t\t\t\t\t\t<div class=\"elementor-element elementor-element-197219b8 elementor-widget elementor-widget-text-editor\" data-id=\"197219b8\" data-element_type=\"widget\" data-e-type=\"widget\" data-widget_type=\"text-editor.default\">\n\t\t\t\t<div class=\"elementor-widget-container\">\n\t\t\t\t\t\t\t\t\t<h4>Subject of the Contract<\/h4>\n<p style=\"text-align: justify;\">These Terms and Conditions are intended to regulate access to and the purchase of products provided by <strong>BODEGAS CHAVES, SL.<\/strong> to the user through its website, constituting the legal framework that governs the contractual relationship. The products and content will be those available to the User on the following website owned by <strong>BODEGAS CHAVES, SL.<\/strong> (hereafter <strong>Chaves Wineries<\/strong>).<\/p>\n<p style=\"text-align: justify;\">For any complaint, you may contact:<br \/><strong>BODEGAS CHAVES, SL.<\/strong><br \/>CIF: B36018018<br \/>Calle de la Condesa, 3 \u2013 Barrantes \u2013 36636 Ribadumia (Pontevedra)<br \/>Telephone: +34 986 710 015 <br \/>E-mail: <a href=\"mailto:info@bodegaschaves.com\">info@bodegaschaves.com<\/a><\/p>\n<h4>Acceptance and Availability<\/h4>\n<p style=\"text-align: justify;\">These Terms and Conditions govern the legal relationship arising from the contracting processes formalized by Users through the Website of <strong>Chaves Wineries<\/strong>. Users expressly accept full and unreserved adherence to these stipulations, in the version published in <a href=\"https:\/\/www.bodegaschaves.com\/en\/\">https:\/\/bodegaschaves.com<\/a> at the time the User purchases the product and\/or content in which they are interested. Therefore, the User agrees to carefully read the terms and conditions of purchase each time they purchase a product, as these may have been modified since their last visit.<\/p>\n<p style=\"text-align: justify;\">By accepting these General Terms and Conditions, the User declares:<\/p>\n<p style=\"text-align: justify;\">1. That is a person with the capacity to hire.<\/p>\n<p style=\"text-align: justify;\">2. That he\/she has read and accepts these general terms and conditions of contract.<\/p>\n<p style=\"text-align: justify;\">The User will always have access, prior to the start of the product contracting procedure, to the contracting conditions, which may be stored and\/or reproduced on a durable medium.<\/p>\n<h4>Modification of Contract Terms<\/h4>\n<p style=\"text-align: justify;\"><strong>Chaves Wineries<\/strong> These stipulations may be modified whenever there is sufficient cause or reason to do so. Sufficient cause or reason for modification shall be understood to exist, by way of example and not limitation, when its purpose is to:<\/p>\n<p style=\"text-align: justify;\">1. Expand the range or number of products made available to Users or improve existing ones.<\/p>\n<p style=\"text-align: justify;\">2. Modify, replace or update the prices of the products offered through the website.<\/p>\n<h4>Prices and Applicable Taxes<\/h4>\n<p style=\"text-align: justify;\"><strong>Chaves Wineries<\/strong>, reserves the right to modify the prices of the products published on the aforementioned website, when it deems it appropriate and making it visible on the website.<\/p>\n<p style=\"text-align: justify;\">The applicable prices are those shown on the website at the time the customer places their order.<\/p>\n<p style=\"text-align: justify;\">The price of the products shown on the website includes the corresponding Value Added Tax (VAT) depending on the product unless otherwise indicated.<\/p>\n<h4>Payment Methods<\/h4>\n<p style=\"text-align: justify;\">The payment methods we offer are:<\/p>\n<p style=\"text-align: justify;\">\u2013 Credit card via virtual POS (Accepts Visa, MasterCard and Maestro cards).<\/p>\n<h4>Terms of Sale<\/h4>\n<p style=\"text-align: justify;\">The prices and texts published on the page <a href=\"https:\/\/www.bodegaschaves.com\/en\/\">https:\/\/bodegaschaves.com<\/a> These specifications are subject to change without notice, including technical specifications. It is the customer&#039;s responsibility to verify the files included in the download.<\/p>\n<p style=\"text-align: justify;\">The User will be guided through the process to be followed for the execution of the contract, as well as for the identification and correction of the data provided for the execution of the contract through the forms created for this purpose.<\/p>\n<p style=\"text-align: justify;\">The User accepts these General Terms and Conditions of Sale, which will remain accessible from the Website.<\/p>\n<p style=\"text-align: justify;\">The contract is formalized in Spanish, in accordance with these Terms and Conditions.<\/p>\n<p style=\"text-align: justify;\">The offers will be valid for the period specified in each case on the website.<\/p>\n<p style=\"text-align: justify;\">The User will be able to consult the essential characteristics of each product through its description on the Website.<\/p>\n<h4>Rights and Obligations of the Parties<\/h4>\n<p><b>1. Obligations of Bodegas Chaves<\/b><\/p>\n<p style=\"text-align: justify;\"><strong>Chaves Wineries<\/strong> undertakes to comply with the following contractual obligations arising from the commercial relationship with the User as a result of the contracting of services by the latter:<\/p>\n<p style=\"text-align: justify;\">To provide the User with the service requested by the User with the maximum guarantees, in accordance with the terms of the contract, without violating contractual good faith.<\/p>\n<p style=\"text-align: justify;\">Inform the User expressly of the existence of these conditions prior to the start of the contracting procedure.<\/p>\n<p style=\"text-align: justify;\">Inform the User prior to contracting and in a concrete, clear, precise and unequivocal manner, of the specific characteristics of the services requested, such as their price and the taxes that may apply.<\/p>\n<p style=\"text-align: justify;\">Make available to the User a copy of the text of the general conditions.<\/p>\n<p><b>2. User Obligations<\/b><\/p>\n<p style=\"text-align: justify;\">For his part, the User agrees to:<\/p>\n<p style=\"text-align: justify;\">To fully comply with the provisions of these terms and conditions for the services provided by <strong>Chaves Wineries<\/strong>.<\/p>\n<p style=\"text-align: justify;\">Complete the registration forms prior to the start of the contracting procedure with truthful and up-to-date information.<\/p>\n<p style=\"text-align: justify;\">Provide the requested bank details correctly. <strong>Chaves Wineries<\/strong>.<\/p>\n<p style=\"text-align: justify;\">Pay the price of the products purchased, and filing a claim does not exempt you from this obligation.<\/p>\n<p><b>3. User Rights<\/b><\/p>\n<p style=\"text-align: justify;\">All information provided to the client will be binding on the offeror under the terms established by current legislation.<\/p>\n<p style=\"text-align: justify;\">Every user has the right to receive goods of the category and legal requirements agreed upon, or of a quality that is directly proportional to the category of the establishment.<\/p>\n<h4>Terms of Use<\/h4>\n<p style=\"text-align: justify;\">The User undertakes and guarantees to use the website in accordance with the provisions established in the general terms and conditions of contracting, the provisions of the applicable regulations, as well as those relating to morality and good customs.<\/p>\n<p style=\"text-align: justify;\">By accepting these terms, the user agrees to use this website and the products made available on it in the manner and form established herein. The user is obligated not to use this website and its products for illegal purposes and\/or purposes contrary to those established in this legal notice, which could be harmful to the rights and\/or interests of third parties or which could in any way damage this website or prevent its proper functioning or the products offered on it or that may be offered in the future.<\/p>\n<p style=\"text-align: justify;\">For their part, the User undertakes not to make unlawful use of the website&#039;s content, or use that may cause harm to <strong>Chaves Wineries<\/strong>. Therefore, the User shall refrain, without limitation, from modifying, copying, distributing, publishing, assigning and\/or selling any information or appearance concerning the website owned by <strong>Chaves Wineries<\/strong>.<\/p>\n<p><b>1. Intellectual and Industrial Property<\/b><\/p>\n<p style=\"text-align: justify;\"><strong>Chaves Wineries<\/strong> is the holder of the Intellectual and Industrial Property rights to the elements that make up the website design, such as the trademark, trade name, or distinctive sign. In particular, and without limitation, the following are protected by copyright: logos, color combinations, selection and presentation, menus, navigation buttons, HTML code, Java applets, texts, images, graphics, as well as any other content of the website owned by <strong>Chaves Wineries<\/strong>.<\/p>\n<p style=\"text-align: justify;\">The User agrees to respect the intellectual and industrial property rights of the website; therefore, the User shall refrain from copying, reproducing, distributing, making available or publicly communicating the content of the website, without the express written authorization of <strong>Chaves Wineries<\/strong>.<\/p>\n<p><b>2. Limitation of liability<\/b><\/p>\n<p style=\"text-align: justify;\">The User expressly releases <strong>Chaves Wineries<\/strong> from all liability for direct and indirect damages arising from possible errors on the website, as well as from any interruption, suspension, delay or anomaly in access to it.<\/p>\n<p style=\"text-align: justify;\"><strong>Chaves Wineries<\/strong> undertakes to take the utmost care to protect the website from any viruses, Trojans, and other elements that could compromise or damage the computer system of the User or third parties. In any case, the User releases [Company Name] from all liability. <strong>Chaves Wineries<\/strong> for direct or indirect damages caused by the possible existence of such harmful or malicious elements.<\/p>\n<h4>Validity Period of These Conditions<\/h4>\n<p style=\"text-align: justify;\">The validity period of these conditions will be the time they remain published on the website and will apply to services purchased at the time these conditions were available.<\/p>\n<p style=\"text-align: justify;\">In any case, <strong>Chaves Wineries<\/strong> The company reserves the right to modify them unilaterally, without this affecting the services contracted by users prior to the modification, except in those cases where the user has changed or modified the contracted service, in which case the conditions in force at the time of the change and\/or modification will apply.<\/p>\n<h4>Applicable Law and Jurisdiction<\/h4>\n<p style=\"text-align: justify;\">These General Terms and Conditions are governed by Spanish law. The parties submit, at their option, for the resolution of any disputes and waiving any other jurisdiction, to the courts of Pontevedra.<\/p>\t\t\t\t\t\t\t\t<\/div>\n\t\t\t\t<\/div>\n\t\t\t\t\t<\/div>\n\t\t<\/div>\n\t\t\t\t\t<\/div>\n\t\t<\/section>\n\t\t\t\t<\/div>","protected":false},"excerpt":{"rendered":"<p>Objeto del Contrato Las presentes Condiciones, tienen por objeto regular el acceso y el r\u00e9gimen de adquisici\u00f3n de los productos facilitados por BODEGAS CHAVES, S.L. al usuario a trav\u00e9s de su p\u00e1gina Web, constituyendo el marco jur\u00eddico que desarrolla la relaci\u00f3n contractual. Los productos y contenidos, ser\u00e1n los que se encuentren a disposici\u00f3n del Usuario [&hellip;]<\/p>\n","protected":false},"author":3,"featured_media":0,"parent":0,"menu_order":0,"comment_status":"closed","ping_status":"closed","template":"","meta":{"ocean_post_layout":"","ocean_both_sidebars_style":"","ocean_both_sidebars_content_width":0,"ocean_both_sidebars_sidebars_width":0,"ocean_sidebar":"0","ocean_second_sidebar":"0","ocean_disable_margins":"enable","ocean_add_body_class":"","ocean_shortcode_before_top_bar":"","ocean_shortcode_after_top_bar":"","ocean_shortcode_before_header":"","ocean_shortcode_after_header":"","ocean_has_shortcode":"","ocean_shortcode_after_title":"","ocean_shortcode_before_footer_widgets":"","ocean_shortcode_after_footer_widgets":"","ocean_shortcode_before_footer_bottom":"","ocean_shortcode_after_footer_bottom":"","ocean_display_top_bar":"default","ocean_display_header":"default","ocean_header_style":"","ocean_center_header_left_menu":"0","ocean_custom_header_template":"0","ocean_custom_logo":0,"ocean_custom_retina_logo":0,"ocean_custom_logo_max_width":0,"ocean_custom_logo_tablet_max_width":0,"ocean_custom_logo_mobile_max_width":0,"ocean_custom_logo_max_height":0,"ocean_custom_logo_tablet_max_height":0,"ocean_custom_logo_mobile_max_height":0,"ocean_header_custom_menu":"0","ocean_menu_typo_font_family":"0","ocean_menu_typo_font_subset":"","ocean_menu_typo_font_size":0,"ocean_menu_typo_font_size_tablet":0,"ocean_menu_typo_font_size_mobile":0,"ocean_menu_typo_font_size_unit":"px","ocean_menu_typo_font_weight":"","ocean_menu_typo_font_weight_tablet":"","ocean_menu_typo_font_weight_mobile":"","ocean_menu_typo_transform":"","ocean_menu_typo_transform_tablet":"","ocean_menu_typo_transform_mobile":"","ocean_menu_typo_line_height":0,"ocean_menu_typo_line_height_tablet":0,"ocean_menu_typo_line_height_mobile":0,"ocean_menu_typo_line_height_unit":"","ocean_menu_typo_spacing":0,"ocean_menu_typo_spacing_tablet":0,"ocean_menu_typo_spacing_mobile":0,"ocean_menu_typo_spacing_unit":"","ocean_menu_link_color":"","ocean_menu_link_color_hover":"","ocean_menu_link_color_active":"","ocean_menu_link_background":"","ocean_menu_link_hover_background":"","ocean_menu_link_active_background":"","ocean_menu_social_links_bg":"","ocean_menu_social_hover_links_bg":"","ocean_menu_social_links_color":"","ocean_menu_social_hover_links_color":"","ocean_disable_title":"default","ocean_disable_heading":"default","ocean_post_title":"","ocean_post_subheading":"","ocean_post_title_style":"","ocean_post_title_background_color":"","ocean_post_title_background":0,"ocean_post_title_bg_image_position":"","ocean_post_title_bg_image_attachment":"","ocean_post_title_bg_image_repeat":"","ocean_post_title_bg_image_size":"","ocean_post_title_height":0,"ocean_post_title_bg_overlay":0.5,"ocean_post_title_bg_overlay_color":"","ocean_disable_breadcrumbs":"default","ocean_breadcrumbs_color":"","ocean_breadcrumbs_separator_color":"","ocean_breadcrumbs_links_color":"","ocean_breadcrumbs_links_hover_color":"","ocean_display_footer_widgets":"default","ocean_display_footer_bottom":"default","ocean_custom_footer_template":"0","footnotes":""},"class_list":["post-25","page","type-page","status-publish","hentry","entry","owp-thumbs-layout-horizontal","owp-btn-normal","owp-tabs-layout-section","has-no-thumbnails","has-product-nav"],"_links":{"self":[{"href":"https:\/\/www.bodegaschaves.com\/en\/wp-json\/wp\/v2\/pages\/25","targetHints":{"allow":["GET"]}}],"collection":[{"href":"https:\/\/www.bodegaschaves.com\/en\/wp-json\/wp\/v2\/pages"}],"about":[{"href":"https:\/\/www.bodegaschaves.com\/en\/wp-json\/wp\/v2\/types\/page"}],"author":[{"embeddable":true,"href":"https:\/\/www.bodegaschaves.com\/en\/wp-json\/wp\/v2\/users\/3"}],"replies":[{"embeddable":true,"href":"https:\/\/www.bodegaschaves.com\/en\/wp-json\/wp\/v2\/comments?post=25"}],"version-history":[{"count":5,"href":"https:\/\/www.bodegaschaves.com\/en\/wp-json\/wp\/v2\/pages\/25\/revisions"}],"predecessor-version":[{"id":1502,"href":"https:\/\/www.bodegaschaves.com\/en\/wp-json\/wp\/v2\/pages\/25\/revisions\/1502"}],"wp:attachment":[{"href":"https:\/\/www.bodegaschaves.com\/en\/wp-json\/wp\/v2\/media?parent=25"}],"curies":[{"name":"wp","href":"https:\/\/api.w.org\/{rel}","templated":true}]}}