{"id":2132,"date":"2024-04-11T09:59:48","date_gmt":"2024-04-11T09:59:48","guid":{"rendered":"https:\/\/bodegaschaves.clientes.galiciadigital.com\/?page_id=2132"},"modified":"2024-04-11T10:31:21","modified_gmt":"2024-04-11T10:31:21","slug":"sample-request","status":"publish","type":"page","link":"https:\/\/www.bodegaschaves.com\/en\/solicitud-de-muestras\/","title":{"rendered":"Sample Request"},"content":{"rendered":"\t\t<div data-elementor-type=\"wp-page\" data-elementor-id=\"2132\" class=\"elementor elementor-2132\">\n\t\t\t\t\t\t<section class=\"elementor-section elementor-top-section elementor-element elementor-element-333897f elementor-section-boxed elementor-section-height-default elementor-section-height-default\" data-id=\"333897f\" data-element_type=\"section\" data-e-type=\"section\">\n\t\t\t\t\t\t<div class=\"elementor-container elementor-column-gap-default\">\n\t\t\t\t\t<div class=\"elementor-column elementor-col-100 elementor-top-column elementor-element elementor-element-df91091\" data-id=\"df91091\" data-element_type=\"column\" data-e-type=\"column\">\n\t\t\t<div class=\"elementor-widget-wrap elementor-element-populated\">\n\t\t\t\t\t\t<div class=\"elementor-element elementor-element-d025e95 elementor-widget elementor-widget-wpforms\" data-id=\"d025e95\" data-element_type=\"widget\" data-e-type=\"widget\" data-widget_type=\"wpforms.default\">\n\t\t\t\t<div class=\"elementor-widget-container\">\n\t\t\t\t\t<div class=\"wpforms-container wpforms-container-full wpforms-render-modern\" id=\"wpforms-2133\"><form id=\"wpforms-form-2133\" class=\"wpforms-validate wpforms-form wpforms-ajax-form\" data-formid=\"2133\" method=\"post\" enctype=\"multipart\/form-data\" action=\"\/en\/wp-json\/wp\/v2\/pages\/2132\" data-token=\"0d22e21a93dc0213891e87fbb9e39db9\" data-token-time=\"1776665190\"><noscript class=\"wpforms-error-noscript\">Please enable JavaScript in your browser to complete this form.<\/noscript><div id=\"wpforms-error-noscript\" style=\"display: none;\">Please enable JavaScript in your browser to complete this form.<\/div><div class=\"wpforms-field-container\"><div id=\"wpforms-2133-field_1-container\" class=\"wpforms-field wpforms-field-name\" data-field-id=\"1\"><fieldset><legend class=\"wpforms-field-label\">Nombre <span class=\"wpforms-required-label\" aria-hidden=\"true\">*<\/span><\/legend><div class=\"wpforms-field-row wpforms-field-medium\"><div class=\"wpforms-field-row-block wpforms-first wpforms-one-half\"><input type=\"text\" id=\"wpforms-2133-field_1\" class=\"wpforms-field-name-first wpforms-field-required\" name=\"wpforms[fields][1][first]\" aria-errormessage=\"wpforms-2133-field_1-error\" required><label for=\"wpforms-2133-field_1\" class=\"wpforms-field-sublabel after\">First<\/label><\/div><div class=\"wpforms-field-row-block wpforms-one-half\"><input type=\"text\" id=\"wpforms-2133-field_1-last\" class=\"wpforms-field-name-last wpforms-field-required\" name=\"wpforms[fields][1][last]\" aria-errormessage=\"wpforms-2133-field_1-last-error\" required><label for=\"wpforms-2133-field_1-last\" class=\"wpforms-field-sublabel after\">Last<\/label><\/div><\/div><\/fieldset><\/div><div id=\"wpforms-2133-field_12-container\" class=\"wpforms-field wpforms-field-text\" data-field-id=\"12\"><label class=\"wpforms-field-label\" for=\"wpforms-2133-field_12\">Empresa <span class=\"wpforms-required-label\" aria-hidden=\"true\">*<\/span><\/label><input type=\"text\" id=\"wpforms-2133-field_12\" class=\"wpforms-field-medium wpforms-field-required\" name=\"wpforms[fields][12]\" aria-errormessage=\"wpforms-2133-field_12-error\" required><\/div><div id=\"wpforms-2133-field_8-container\" class=\"wpforms-field wpforms-field-number\" data-field-id=\"8\"><label class=\"wpforms-field-label\" for=\"wpforms-2133-field_8\">Tel\u00e9fono <span class=\"wpforms-required-label\" aria-hidden=\"true\">*<\/span><\/label><input type=\"number\" id=\"wpforms-2133-field_8\" class=\"wpforms-field-medium wpforms-field-required\" name=\"wpforms[fields][8]\" step=\"any\" aria-errormessage=\"wpforms-2133-field_8-error\" required><\/div><div id=\"wpforms-2133-field_2-container\" class=\"wpforms-field wpforms-field-email\" data-field-id=\"2\"><label class=\"wpforms-field-label\" for=\"wpforms-2133-field_2\">Email <span class=\"wpforms-required-label\" aria-hidden=\"true\">*<\/span><\/label><input type=\"email\" id=\"wpforms-2133-field_2\" class=\"wpforms-field-medium wpforms-field-required\" name=\"wpforms[fields][2]\" spellcheck=\"false\" aria-errormessage=\"wpforms-2133-field_2-error\" required><\/div><div id=\"wpforms-2133-field_9-container\" class=\"wpforms-field wpforms-field-payment-checkbox\" data-field-id=\"9\"><fieldset><legend class=\"wpforms-field-label\">\u00bfCu\u00e1l de nuestros vinos te  gustar\u00eda probar?<\/legend><ul id=\"wpforms-2133-field_9\"><li class=\"choice-1\"><input type=\"checkbox\" id=\"wpforms-2133-field_9_1\" class=\"wpforms-payment-price\" data-amount=\"0.00\" name=\"wpforms[fields][9][]\" value=\"1\" aria-errormessage=\"wpforms-2133-field_9_1-error\"  ><label class=\"wpforms-field-label-inline\" for=\"wpforms-2133-field_9_1\">Cinco Islas Albari\u00f1o Selecci\u00f3n<\/label><\/li><li class=\"choice-2\"><input type=\"checkbox\" id=\"wpforms-2133-field_9_2\" class=\"wpforms-payment-price\" data-amount=\"0.00\" name=\"wpforms[fields][9][]\" value=\"2\" aria-errormessage=\"wpforms-2133-field_9_2-error\"  ><label class=\"wpforms-field-label-inline\" for=\"wpforms-2133-field_9_2\">Cinco Islas Oro<\/label><\/li><li class=\"choice-3\"><input type=\"checkbox\" id=\"wpforms-2133-field_9_3\" class=\"wpforms-payment-price\" data-amount=\"0.00\" name=\"wpforms[fields][9][]\" value=\"3\" aria-errormessage=\"wpforms-2133-field_9_3-error\"  ><label class=\"wpforms-field-label-inline\" for=\"wpforms-2133-field_9_3\">Cinco Islas Burbujas del Atl\u00e1ntico<\/label><\/li><li class=\"choice-4\"><input type=\"checkbox\" id=\"wpforms-2133-field_9_4\" class=\"wpforms-payment-price\" data-amount=\"0.00\" name=\"wpforms[fields][9][]\" value=\"4\" aria-errormessage=\"wpforms-2133-field_9_4-error\"  ><label class=\"wpforms-field-label-inline\" for=\"wpforms-2133-field_9_4\">Castel de Fornos<\/label><\/li><li class=\"choice-5\"><input type=\"checkbox\" id=\"wpforms-2133-field_9_5\" class=\"wpforms-payment-price\" data-amount=\"0.00\" name=\"wpforms[fields][9][]\" value=\"5\" aria-errormessage=\"wpforms-2133-field_9_5-error\"  ><label class=\"wpforms-field-label-inline\" for=\"wpforms-2133-field_9_5\">Silva Daponte Godello<\/label><\/li><li class=\"choice-6\"><input type=\"checkbox\" id=\"wpforms-2133-field_9_6\" class=\"wpforms-payment-price\" data-amount=\"0.00\" name=\"wpforms[fields][9][]\" value=\"6\" aria-errormessage=\"wpforms-2133-field_9_6-error\"  ><label class=\"wpforms-field-label-inline\" for=\"wpforms-2133-field_9_6\">Silva Daponte Menc\u00eda<\/label><\/li><li class=\"choice-7\"><input type=\"checkbox\" id=\"wpforms-2133-field_9_7\" class=\"wpforms-payment-price\" data-amount=\"0.00\" name=\"wpforms[fields][9][]\" value=\"7\" aria-errormessage=\"wpforms-2133-field_9_7-error\"  ><label class=\"wpforms-field-label-inline\" for=\"wpforms-2133-field_9_7\">Daponte Selecci\u00f3n<\/label><\/li><\/ul><\/fieldset><\/div><div id=\"wpforms-2133-field_7-container\" class=\"wpforms-field wpforms-field-textarea\" data-field-id=\"7\"><label class=\"wpforms-field-label\" for=\"wpforms-2133-field_7\">Comentarios o preguntas<\/label><textarea id=\"wpforms-2133-field_7\" class=\"wpforms-field-medium\" name=\"wpforms[fields][7]\" aria-errormessage=\"wpforms-2133-field_7-error\" ><\/textarea><\/div><div id=\"wpforms-2133-field_11-container\" class=\"wpforms-field wpforms-field-checkbox\" data-field-id=\"11\"><fieldset><legend class=\"wpforms-field-label\">Privacidad <span class=\"wpforms-required-label\" aria-hidden=\"true\">*<\/span><\/legend><ul id=\"wpforms-2133-field_11\" class=\"wpforms-field-required\"><li class=\"choice-1 depth-1\"><input type=\"checkbox\" id=\"wpforms-2133-field_11_1\" name=\"wpforms[fields][11][]\" value=\"He le\u00eddo y acepto la &lt;a href=&quot;\/politica-de-privacidad&quot;&gt;Pol\u00edtica de Privacidad&lt;\/a&gt;\" aria-errormessage=\"wpforms-2133-field_11_1-error\" aria-describedby=\"wpforms-2133-field_11-description\" required ><label class=\"wpforms-field-label-inline\" for=\"wpforms-2133-field_11_1\">He le\u00eddo y acepto la <a href=\"\/politica-de-privacidad\">Pol\u00edtica de Privacidad<\/a><\/label><\/li><\/ul><div id=\"wpforms-2133-field_11-description\" class=\"wpforms-field-description\">PROTECCI\u00d3N DE DATOS:  Reglamento (UE) 2016\/679 RGPD y LOPDGDD 3\/2018.  BODEGAS CHAVES, S.L., como responsable del tratamiento, tratar\u00e1 sus datos para gestionar sus solicitudes de informaci\u00f3n, dudas, consultas, sugerencias o quejas. Podr\u00e1 ejercitar los derechos de acceso, rectificaci\u00f3n y supresi\u00f3n de los datos, entre otros, tal y como se explica en la informaci\u00f3n adicional que est\u00e1 a su disposici\u00f3n en el apartado de Pol\u00edtica de Privacidad.<\/div><\/fieldset><\/div><\/div><!-- .wpforms-field-container --><div class=\"wpforms-submit-container\" ><input type=\"hidden\" name=\"wpforms[id]\" value=\"2133\"><input type=\"hidden\" name=\"page_title\" value=\"\"><input type=\"hidden\" name=\"page_url\" value=\"https:\/\/www.bodegaschaves.com\/en\/wp-json\/wp\/v2\/pages\/2132\"><input type=\"hidden\" name=\"url_referer\" value=\"\"><button type=\"submit\" name=\"wpforms[submit]\" id=\"wpforms-submit-2133\" class=\"wpforms-submit\" data-alt-text=\"Sending...\" data-submit-text=\"Submit\" aria-live=\"assertive\" value=\"wpforms-submit\">Submit<\/button><img decoding=\"async\" src=\"https:\/\/www.bodegaschaves.com\/wp-content\/plugins\/wpforms-lite\/assets\/images\/submit-spin.svg\" class=\"wpforms-submit-spinner\" style=\"display: none;\" width=\"26\" height=\"26\" alt=\"Loading\"><\/div><\/form><\/div>  <!-- .wpforms-container -->\t\t\t\t<\/div>\n\t\t\t\t<\/div>\n\t\t\t\t\t<\/div>\n\t\t<\/div>\n\t\t\t\t\t<\/div>\n\t\t<\/section>\n\t\t\t\t<\/div>\n\t\t","protected":false},"excerpt":{"rendered":"<p>Por favor, activa JavaScript en tu navegador para completar este formulario.Por favor, activa JavaScript en tu navegador para completar este formulario. Nombre * NombreApellidos Tel\u00e9fono *Email * \u00bfCu\u00e1l de nuestros vinos te gustar\u00eda probar? Cinco Islas Albari\u00f1o Selecci\u00f3n Cinco Islas Oro Cinco Islas Burbujas del Atl\u00e1ntico Castel de Fornos Silva Daponte Godello Silva Daponte Menc\u00eda [&hellip;]<\/p>\n","protected":false},"author":5,"featured_media":0,"parent":0,"menu_order":0,"comment_status":"closed","ping_status":"closed","template":"","meta":{"ocean_post_layout":"","ocean_both_sidebars_style":"","ocean_both_sidebars_content_width":0,"ocean_both_sidebars_sidebars_width":0,"ocean_sidebar":"0","ocean_second_sidebar":"0","ocean_disable_margins":"enable","ocean_add_body_class":"","ocean_shortcode_before_top_bar":"","ocean_shortcode_after_top_bar":"","ocean_shortcode_before_header":"","ocean_shortcode_after_header":"","ocean_has_shortcode":"","ocean_shortcode_after_title":"","ocean_shortcode_before_footer_widgets":"","ocean_shortcode_after_footer_widgets":"","ocean_shortcode_before_footer_bottom":"","ocean_shortcode_after_footer_bottom":"","ocean_display_top_bar":"default","ocean_display_header":"default","ocean_header_style":"","ocean_center_header_left_menu":"0","ocean_custom_header_template":"0","ocean_custom_logo":0,"ocean_custom_retina_logo":0,"ocean_custom_logo_max_width":0,"ocean_custom_logo_tablet_max_width":0,"ocean_custom_logo_mobile_max_width":0,"ocean_custom_logo_max_height":0,"ocean_custom_logo_tablet_max_height":0,"ocean_custom_logo_mobile_max_height":0,"ocean_header_custom_menu":"0","ocean_menu_typo_font_family":"0","ocean_menu_typo_font_subset":"","ocean_menu_typo_font_size":0,"ocean_menu_typo_font_size_tablet":0,"ocean_menu_typo_font_size_mobile":0,"ocean_menu_typo_font_size_unit":"px","ocean_menu_typo_font_weight":"","ocean_menu_typo_font_weight_tablet":"","ocean_menu_typo_font_weight_mobile":"","ocean_menu_typo_transform":"","ocean_menu_typo_transform_tablet":"","ocean_menu_typo_transform_mobile":"","ocean_menu_typo_line_height":0,"ocean_menu_typo_line_height_tablet":0,"ocean_menu_typo_line_height_mobile":0,"ocean_menu_typo_line_height_unit":"","ocean_menu_typo_spacing":0,"ocean_menu_typo_spacing_tablet":0,"ocean_menu_typo_spacing_mobile":0,"ocean_menu_typo_spacing_unit":"","ocean_menu_link_color":"","ocean_menu_link_color_hover":"","ocean_menu_link_color_active":"","ocean_menu_link_background":"","ocean_menu_link_hover_background":"","ocean_menu_link_active_background":"","ocean_menu_social_links_bg":"","ocean_menu_social_hover_links_bg":"","ocean_menu_social_links_color":"","ocean_menu_social_hover_links_color":"","ocean_disable_title":"default","ocean_disable_heading":"default","ocean_post_title":"","ocean_post_subheading":"","ocean_post_title_style":"","ocean_post_title_background_color":"","ocean_post_title_background":0,"ocean_post_title_bg_image_position":"","ocean_post_title_bg_image_attachment":"","ocean_post_title_bg_image_repeat":"","ocean_post_title_bg_image_size":"","ocean_post_title_height":0,"ocean_post_title_bg_overlay":0.5,"ocean_post_title_bg_overlay_color":"","ocean_disable_breadcrumbs":"default","ocean_breadcrumbs_color":"","ocean_breadcrumbs_separator_color":"","ocean_breadcrumbs_links_color":"","ocean_breadcrumbs_links_hover_color":"","ocean_display_footer_widgets":"default","ocean_display_footer_bottom":"default","ocean_custom_footer_template":"0","footnotes":""},"class_list":["post-2132","page","type-page","status-publish","hentry","entry","owp-thumbs-layout-horizontal","owp-btn-normal","owp-tabs-layout-section","has-no-thumbnails","has-product-nav"],"_links":{"self":[{"href":"https:\/\/www.bodegaschaves.com\/en\/wp-json\/wp\/v2\/pages\/2132","targetHints":{"allow":["GET"]}}],"collection":[{"href":"https:\/\/www.bodegaschaves.com\/en\/wp-json\/wp\/v2\/pages"}],"about":[{"href":"https:\/\/www.bodegaschaves.com\/en\/wp-json\/wp\/v2\/types\/page"}],"author":[{"embeddable":true,"href":"https:\/\/www.bodegaschaves.com\/en\/wp-json\/wp\/v2\/users\/5"}],"replies":[{"embeddable":true,"href":"https:\/\/www.bodegaschaves.com\/en\/wp-json\/wp\/v2\/comments?post=2132"}],"version-history":[{"count":7,"href":"https:\/\/www.bodegaschaves.com\/en\/wp-json\/wp\/v2\/pages\/2132\/revisions"}],"predecessor-version":[{"id":2164,"href":"https:\/\/www.bodegaschaves.com\/en\/wp-json\/wp\/v2\/pages\/2132\/revisions\/2164"}],"wp:attachment":[{"href":"https:\/\/www.bodegaschaves.com\/en\/wp-json\/wp\/v2\/media?parent=2132"}],"curies":[{"name":"wp","href":"https:\/\/api.w.org\/{rel}","templated":true}]}}